{"id":5816,"date":"2019-10-30T08:04:23","date_gmt":"2019-10-30T08:04:23","guid":{"rendered":"https:\/\/www.yukselkalip.com.tr\/hakkimizda\/"},"modified":"2022-05-07T22:27:49","modified_gmt":"2022-05-07T19:27:49","slug":"%d0%be-%d0%bd%d0%b0%d1%81","status":"publish","type":"page","link":"https:\/\/www.yukselkalip.com.tr\/ru\/%d0%be-%d0%bd%d0%b0%d1%81\/","title":{"rendered":"\u041e \u043d\u0430\u0441"},"content":{"rendered":"\t\t<div data-elementor-type=\"wp-page\" data-elementor-id=\"5816\" class=\"elementor elementor-5816 elementor-26\">\n\t\t\t\t\t\t\t        <section class=\"elementor-section elementor-top-section elementor-element elementor-element-bf4d915 elementor-section-boxed elementor-section-height-default elementor-section-height-default ct-header-fixed-none ct-row-max-none\" data-id=\"bf4d915\" data-element_type=\"section\">\n            \n                        <div class=\"elementor-container elementor-column-gap-extended \">\n                    <div class=\"elementor-column elementor-col-100 elementor-top-column elementor-element elementor-element-5282614\" data-id=\"5282614\" data-element_type=\"column\">\n            <div class=\"elementor-widget-wrap elementor-element-populated\">\n                        \t\t<div class=\"elementor-element elementor-element-9d091b6 elementor-widget elementor-widget-ct_heading\" data-id=\"9d091b6\" data-element_type=\"widget\" data-widget_type=\"ct_heading.default\">\n\t\t\t\t<div class=\"elementor-widget-container\">\n\t\t\t<div id=\"ct_heading-9d091b6\" class=\"ct-heading h-align- sub- ct-heading-left item-st-line-left1\">\r\n\t<div class=\"ct-inline-css\"  data-css=\"\r\n        \">\r\n    <\/div>\r\n        <h4 class=\"item--title st-line-left1 case-animate-time\" data-wow-delay=\"ms\">\r\n                <span class=\"sp-main\">\r\n                            <i><\/i>\r\n            \r\n            Y\u00fcksel Kal\u0131p \u0130malat San. ve Tic. Ltd. \u015eti.\r\n            \r\n                    <\/span>\r\n            <\/h4>\r\n<\/div>\t\t<\/div>\n\t\t\t\t<\/div>\n\t\t        <section class=\"elementor-section elementor-inner-section elementor-element elementor-element-6b326e2 elementor-section-boxed elementor-section-height-default elementor-section-height-default ct-header-fixed-none ct-row-max-none\" data-id=\"6b326e2\" data-element_type=\"section\">\n            \n                        <div class=\"elementor-container elementor-column-gap-extended \">\n                    <div class=\"elementor-column elementor-col-100 elementor-inner-column elementor-element elementor-element-71555f1\" data-id=\"71555f1\" data-element_type=\"column\">\n            <div class=\"elementor-widget-wrap elementor-element-populated\">\n                        \t\t<div class=\"elementor-element elementor-element-c45ceef elementor-widget elementor-widget-ct_text_editor\" data-id=\"c45ceef\" data-element_type=\"widget\" data-widget_type=\"ct_text_editor.default\">\n\t\t\t\t<div class=\"elementor-widget-container\">\n\t\t\t<div id=\"ct_text_editor-c45ceef\" class=\"ct-text-editor \" data-wow-delay=\"ms\">\n\t<div class=\"ct-inline-css\"  data-css=\"\n        \t\t\">\n\n    <\/div>\n\t<div class=\"ct-text-editor elementor-clearfix\">\n\t\t<p>\u00abY\u00fcksel kal\u0131p\u00bb \u041d\u0430\u0447\u0430\u043b \u0421\u0432\u043e\u044e \u0414\u0435\u044f\u0442\u0435\u043b\u044c\u043d\u043e\u0441\u0442\u044c \u0412 1977 \u0413\u043e\u0434\u0443 \u0412 \u0421\u0444\u0435\u0440\u0435 \u041f\u043e\u0441\u0442\u0430\u0432\u043a\u0438 \u0417\u0430\u043f\u0430\u0441\u043d\u044b\u0445 \u0427\u0430\u0441\u0442\u0435\u0439 \u0410\u0432\u0442\u043e\u043c\u043e\u0431\u0438\u043b\u0435\u0441\u0442\u0440\u043e\u0435\u043d\u0438\u044f \u0418 \u0411\u044b\u0442\u043e\u0432\u043e\u0439 \u0422\u0435\u0445\u043d\u0438\u043a\u0438 \u0418 \u041f\u043e \u0421\u0435\u0433\u043e\u0434\u043d\u044f\u0448\u043d\u0438\u0439 \u0414\u0435\u043d\u044c \u041f\u0440\u043e\u0434\u043e\u043b\u0436\u0430\u0435\u0442 \u0420\u0430\u0437\u0432\u0438\u0432\u0430\u0442\u044c\u0441\u044f \u0412 \u042d\u0442\u043e\u043c \u041d\u0430\u043f\u0440\u0430\u0432\u043b\u0435\u043d\u0438\u0438 \u0411\u043b\u0430\u0433\u043e\u0434\u0430\u0440\u044f \u041c\u043d\u043e\u0433\u043e\u043b\u0435\u0442\u043d\u0435\u043c\u0443 \u041e\u043f\u044b\u0442\u0443 \u0412\u044b\u0441\u043e\u043a\u043e\u043a\u0432\u0430\u043b\u0442\u0444\u0438\u0446\u0438\u0440\u043e\u0432\u0430\u043d\u043d\u044b\u0445 \u0421\u043f\u0435\u0446\u0438\u0430\u043b\u0438\u0441\u0442\u043e\u0432 \u041d\u0430\u0448\u0435\u0439 \u041a\u043e\u043c\u043f\u0430\u043d\u0438\u0438. \u0412 \u041d\u0430\u0441\u0442\u043e\u044f\u0449\u0438\u0439 \u041c\u043e\u043c\u0435\u043d\u0442 \u041d\u0430\u0448\u0435 \u041f\u0440\u043e\u0438\u0437\u0432\u043e\u0434\u0441\u0442\u0432\u043e \u0420\u0430\u0441\u043f\u043e\u043b\u0430\u0433\u0430\u0435\u0442 \u0423\u0441\u043b\u043e\u0432\u0438\u044f\u043c\u0438 \u0414\u043b\u044f \u041e\u0431\u0440\u0430\u0431\u043e\u0442\u043a\u0438 \u041e\u0431\u044a\u0435\u043c\u0430 \u041e\u0442 10 \u0414\u043e 400 \u0422\u043e\u043d\u043d \u041e\u0434\u043d\u043e\u0432\u0440\u0435\u043c\u0435\u043d\u043d\u043e.<br \/>\u0421 \u041f\u043e\u043c\u043e\u0449\u044c\u044e \u0412\u044b\u0441\u043e\u043a\u043e\u0442\u043e\u0447\u043d\u043e\u0433\u043e \u041e\u0431\u043e\u0440\u0443\u0434\u043e\u0432\u0430\u043d\u0438\u044f \u041d\u0430\u043c\u0438 \u041f\u0440\u043e\u0438\u0437\u0432\u043e\u0434\u044f\u0442\u0441\u044f \u041c\u0430\u0442\u0440\u0438\u0446\u044b, \u041f\u0440\u0435\u0441\u0441-\u0424\u043e\u0440\u043c\u044b \u0418 \u0417\u0430\u043f\u0430\u0441\u043d\u044b\u0435 \u0427\u0430\u0441\u0442\u0438 \u041b\u044e\u0431\u043e\u0439 \u0421\u043b\u043e\u0436\u043d\u043e\u0441\u0442\u0438 , \u041a\u0430\u043a \u0421\u0442\u0430\u043d\u0434\u0430\u0440\u0442\u043d\u044b\u0435\u0442\u0430\u043a \u0418 \u041f\u043e \u0423\u043d\u0438\u043a\u0430\u043b\u044c\u043d\u044b\u043c \u0427\u0435\u0440\u0442\u0435\u0436\u0430\u043c \u0417\u0430\u043a\u0430\u0437\u0447\u0438\u043a\u0430.<\/p><p>\u041d\u0430\u043c\u0438 \u041c\u043e\u0436\u0435\u0442 \u041f\u0440\u043e\u0438\u0437\u0432\u043e\u0434\u0438\u0442\u0441\u044f \u041f\u0440\u043e\u0434\u0443\u043a\u0446\u0438\u044f \u0414\u043b\u044f \u0412\u0441\u0435\u0445 \u041e\u0442\u0440\u0430\u0441\u043b\u0435\u0439 \u041f\u0440\u043e\u0438\u0437\u0432\u043e\u0434\u0441\u0442\u0432\u0430 \u041a\u0430\u043a \u0412\u0441\u043f\u043e\u043c\u043e\u0433\u0430\u0442\u0435\u043b\u044c\u043d\u044b\u0435 \u0414\u0435\u0442\u0430\u043b\u0438 , \u0422\u0430\u043a \u0418 \u041e\u0441\u043d\u043e\u0432\u043d\u044b\u0435 \u0417\u0430\u043f\u0430\u0441\u043d\u044b\u0435 \u0427\u0430\u0441\u0442\u0438.<br \/>\u0412 \u041d\u0430\u0441\u0442\u043e\u044f\u0449\u0438\u0439 \u041c\u043e\u043c\u0435\u043d\u0442 \u041c\u044b \u0420\u0430\u0431\u043e\u0442\u0430\u0435\u043c \u0421\u043e\u0433\u043b\u0430\u0441\u043d\u043e \u0421\u0435\u0440\u0442\u0438\u0444\u0438\u043a\u0430\u0442\u0430 \u041a\u0430\u0447\u0435\u0441\u0442\u0432\u0430 \u0130SO 9001, \u0422\u0430\u043a\u0436\u0435 \u041f\u0440\u043e\u0434\u043e\u043b\u0436\u0430\u0435\u0442\u0441\u044f \u041f\u0440\u043e\u0446\u0435\u0434\u0443\u0440\u0430 \u041f\u043e\u043b\u0443\u0447\u0435\u043d\u0438\u044f \u041d\u0430\u043c\u0438 \u0421\u0435\u0440\u0442\u0438\u0444\u0438\u043a\u0430\u0442\u043e\u0432 \u041a\u0430\u0447\u0435\u0441\u0442\u0432\u0430 \u0130SO 14001 \u0418 TS 18001.<br \/>\u041a \u041a\u043e\u043d\u0446\u0443 2020 \u0413\u043e\u0434\u0430 \u041d\u0430\u043c\u0438 \u041f\u043e\u0441\u0442\u0430\u0432\u043b\u0435\u043d\u0430 \u0426\u0435\u043b\u044c \u041f\u043e\u043b\u0443\u0447\u0438\u0442\u044c \u0421\u0435\u0440\u0442\u0438\u0444\u0438\u043a\u0430\u0442 TS 16949,\u0427\u0442\u043e \u041f\u043e\u0437\u0432\u043e\u043b\u0438\u0442 \u041f\u043e\u0434\u0442\u0432\u0435\u0440\u0434\u0438\u0442\u044c \u041d\u0430\u0434\u0435\u0436\u043d\u043e\u0441\u0442\u044c \u0418 \u041a\u0430\u0447\u0435\u0441\u0442\u0432\u043e \u041f\u0440\u043e\u0438\u0437\u0432\u043e\u0434\u0438\u043c\u043e\u0439 \u041d\u0430\u043c\u0438 \u041f\u0440\u043e\u0434\u0443\u043a\u0446\u0438\u0438.<\/p>\t\t\n\t<\/div>\n<\/div>\t\t<\/div>\n\t\t\t\t<\/div>\n\t\t            <\/div>\n        <\/div>\n                            <\/div>\n        <\/section>\n                    <\/div>\n        <\/div>\n                            <\/div>\n        <\/section>\n                <section class=\"elementor-section elementor-top-section elementor-element elementor-element-b12432d elementor-section-boxed elementor-section-height-default elementor-section-height-default ct-header-fixed-none ct-row-max-none\" data-id=\"b12432d\" data-element_type=\"section\">\n            \n                        <div class=\"elementor-container elementor-column-gap-default \">\n                    <div class=\"elementor-column elementor-col-100 elementor-top-column elementor-element elementor-element-e5a9c89\" data-id=\"e5a9c89\" data-element_type=\"column\">\n            <div class=\"elementor-widget-wrap elementor-element-populated\">\n                        \t\t<div class=\"elementor-element elementor-element-3da1a25 elementor-aspect-ratio-169 elementor-widget elementor-widget-video\" data-id=\"3da1a25\" data-element_type=\"widget\" data-settings=\"{&quot;youtube_url&quot;:&quot;https:\\\/\\\/www.youtube.com\\\/watch?v=HFb6u8ka8qo&amp;t=1s&quot;,&quot;autoplay&quot;:&quot;yes&quot;,&quot;play_on_mobile&quot;:&quot;yes&quot;,&quot;loop&quot;:&quot;yes&quot;,&quot;yt_privacy&quot;:&quot;yes&quot;,&quot;video_type&quot;:&quot;youtube&quot;,&quot;controls&quot;:&quot;yes&quot;,&quot;aspect_ratio&quot;:&quot;169&quot;}\" data-widget_type=\"video.default\">\n\t\t\t\t<div class=\"elementor-widget-container\">\n\t\t\t<style>\/*! elementor - v3.6.4 - 13-04-2022 *\/\n.elementor-widget-video .elementor-widget-container{overflow:hidden;-webkit-transform:translateZ(0);transform:translateZ(0)}.elementor-widget-video .elementor-open-inline .elementor-custom-embed-image-overlay{position:absolute;top:0;left:0;width:100%;height:100%;background-size:cover;background-position:50%}.elementor-widget-video .elementor-custom-embed-image-overlay{cursor:pointer;text-align:center}.elementor-widget-video .elementor-custom-embed-image-overlay:hover .elementor-custom-embed-play i{opacity:1}.elementor-widget-video .elementor-custom-embed-image-overlay img{display:block;width:100%}.elementor-widget-video .e-hosted-video .elementor-video{-o-object-fit:cover;object-fit:cover}<\/style>\t\t<div class=\"elementor-wrapper elementor-fit-aspect-ratio elementor-open-inline\">\n\t\t\t<div class=\"elementor-video\"><\/div>\t\t<\/div>\n\t\t\t\t<\/div>\n\t\t\t\t<\/div>\n\t\t            <\/div>\n        <\/div>\n                            <\/div>\n        <\/section>\n        \t\t\t\t\t<\/div>\n\t\t","protected":false},"excerpt":{"rendered":"<p>Y\u00fcksel Kal\u0131p \u0130malat San. ve Tic. Ltd. \u015eti. \u00abY\u00fcksel kal\u0131p\u00bb \u041d\u0430\u0447\u0430\u043b \u0421\u0432\u043e\u044e \u0414\u0435\u044f\u0442\u0435\u043b\u044c\u043d\u043e\u0441\u0442\u044c \u0412 1977 \u0413\u043e\u0434\u0443 \u0412 \u0421\u0444\u0435\u0440\u0435 \u041f\u043e\u0441\u0442\u0430\u0432\u043a\u0438 \u0417\u0430\u043f\u0430\u0441\u043d\u044b\u0445 \u0427\u0430\u0441\u0442\u0435\u0439 \u0410\u0432\u0442\u043e\u043c\u043e\u0431\u0438\u043b\u0435\u0441\u0442\u0440\u043e\u0435\u043d\u0438\u044f \u0418 \u0411\u044b\u0442\u043e\u0432\u043e\u0439 \u0422\u0435\u0445\u043d\u0438\u043a\u0438 \u0418 \u041f\u043e \u0421\u0435\u0433\u043e\u0434\u043d\u044f\u0448\u043d\u0438\u0439 \u0414\u0435\u043d\u044c \u041f\u0440\u043e\u0434\u043e\u043b\u0436\u0430\u0435\u0442 \u0420\u0430\u0437\u0432\u0438\u0432\u0430\u0442\u044c\u0441\u044f \u0412 \u042d\u0442\u043e\u043c \u041d\u0430\u043f\u0440\u0430\u0432\u043b\u0435\u043d\u0438\u0438 \u0411\u043b\u0430\u0433\u043e\u0434\u0430\u0440\u044f \u041c\u043d\u043e\u0433\u043e\u043b\u0435\u0442\u043d\u0435\u043c\u0443 \u041e\u043f\u044b\u0442\u0443 \u0412\u044b\u0441\u043e\u043a\u043e\u043a\u0432\u0430\u043b\u0442\u0444\u0438\u0446\u0438\u0440\u043e\u0432\u0430\u043d\u043d\u044b\u0445 \u0421\u043f\u0435\u0446\u0438\u0430\u043b\u0438\u0441\u0442\u043e\u0432 \u041d\u0430\u0448\u0435\u0439 \u041a\u043e\u043c\u043f\u0430\u043d\u0438\u0438. \u0412 \u041d\u0430\u0441\u0442\u043e\u044f\u0449\u0438\u0439 \u041c\u043e\u043c\u0435\u043d\u0442 \u041d\u0430\u0448\u0435 \u041f\u0440\u043e\u0438\u0437\u0432\u043e\u0434\u0441\u0442\u0432\u043e \u0420\u0430\u0441\u043f\u043e\u043b\u0430\u0433\u0430\u0435\u0442 \u0423\u0441\u043b\u043e\u0432\u0438\u044f\u043c\u0438 \u0414\u043b\u044f \u041e\u0431\u0440\u0430\u0431\u043e\u0442\u043a\u0438 \u041e\u0431\u044a\u0435\u043c\u0430 \u041e\u0442 10 \u0414\u043e 400 [&hellip;]<\/p>\n","protected":false},"author":1,"featured_media":0,"parent":0,"menu_order":0,"comment_status":"closed","ping_status":"closed","template":"","meta":[],"_links":{"self":[{"href":"https:\/\/www.yukselkalip.com.tr\/ru\/wp-json\/wp\/v2\/pages\/5816"}],"collection":[{"href":"https:\/\/www.yukselkalip.com.tr\/ru\/wp-json\/wp\/v2\/pages"}],"about":[{"href":"https:\/\/www.yukselkalip.com.tr\/ru\/wp-json\/wp\/v2\/types\/page"}],"author":[{"embeddable":true,"href":"https:\/\/www.yukselkalip.com.tr\/ru\/wp-json\/wp\/v2\/users\/1"}],"replies":[{"embeddable":true,"href":"https:\/\/www.yukselkalip.com.tr\/ru\/wp-json\/wp\/v2\/comments?post=5816"}],"version-history":[{"count":10,"href":"https:\/\/www.yukselkalip.com.tr\/ru\/wp-json\/wp\/v2\/pages\/5816\/revisions"}],"predecessor-version":[{"id":6134,"href":"https:\/\/www.yukselkalip.com.tr\/ru\/wp-json\/wp\/v2\/pages\/5816\/revisions\/6134"}],"wp:attachment":[{"href":"https:\/\/www.yukselkalip.com.tr\/ru\/wp-json\/wp\/v2\/media?parent=5816"}],"curies":[{"name":"wp","href":"https:\/\/api.w.org\/{rel}","templated":true}]}}